{"id":5101,"date":"2021-07-22T12:52:44","date_gmt":"2021-07-22T05:52:44","guid":{"rendered":"https:\/\/cruiseasia.samui-seotech.com\/datenschutzerklaerung\/"},"modified":"2021-07-22T12:55:48","modified_gmt":"2021-07-22T05:55:48","slug":"datenschutzerklaerung","status":"publish","type":"page","link":"https:\/\/www.cruiseasia.net\/de\/datenschutzerklaerung\/","title":{"rendered":"Datenschutzerkl\u00e4rung"},"content":{"rendered":"<div class=\"wpb-content-wrapper\">[vc_row][vc_column][vc_column_text]\n<h2>Ihre Daten sind uns wichtig!<\/h2>\n<p>Bei Verwendung unseres Anfrage- oder Kontaktformulars und beim Zugriff auf unsere Website werden folgende Daten gespeichert: Ihre Daten, die Sie in das Anfrage- oder Kontaktformular eingeben, IP-Adresse, Datum, Uhrzeit, Browser-Anfrage und allgemein \u00fcbertragene Informationen zum Betriebssystem resp. Browser in Logfiles.<\/p>\n<p><strong>SSL-Verschl\u00fcsselung:<\/strong>\u00a0Ihre pers\u00f6nlichen und anderen\u00a0 Daten, die Sie mittels Anfrageformular oder Kontaktformular auf dieser Website eingeben, sind durch die Internetverschl\u00fcsselung (SSL = Secure Socket Layer) nach dem neuesten Stand der Technik vor unberechtigten Zugriffen gesch\u00fctzt.<\/p>\n<p>I<strong>hre Personendaten:\u00a0\u00a0<\/strong>Ihre pers\u00f6nlichen und anderen Daten, die Sie \u00fcber das Anfrage- oder Kontaktformular eingeben, verwenden wir nur zum Zwecke der Beantwortung Ihrer Anfrage oder Ihres Anliegens und geben Sie nur an jene Mitarbeiter weiter, die mit der Beantwortung befasst sind. Insbesondere geben wir die Daten nicht an Dritte ausserhalb unserer Kanzlei weiter. Wir bewahren so wenige Daten wie m\u00f6glich auf und bitten auch Sie, uns nur die zur Beantwortung der Anfrage notwendigen Daten zu \u00fcbermitteln. \u00a0Ihre Daten sind auf Servern in der Schweiz oder in der EU gespeichert und werden nicht in L\u00e4nder ausserhalb der Schweiz oder der EU transferiert oder von dort zug\u00e4nglich gemacht.<\/p>\n<p>F\u00fchrt Ihre Anfrage nicht zum Abschluss eines Beratungsvertrages, werden wir Ihre Daten, inklusive gesendeter Anlagen, sofort l\u00f6schen.\u00a0 Im Falle eines Vertragsabschlusses gelten die gesetzlichen Bestimmungen zum Datenschutz, zur beruflichen Geheimhaltung und den Aufbewahrungspflichten, an die wir uns strikte halten.<\/p>\n<p><strong>Google-Maps:<\/strong>\u00a0Um unsere B\u00fcroadresse auf Online-Karten anzugeben, verwenden wir Google Maps. Wenn Sie auf eine Seite mit einer Online-Karte zugreifen, werden bestimmte Daten an Google \u00fcbermittelt, aber keine personenbezogenen Daten. Sie k\u00f6nnen die \u00dcbermittlung dieser Daten mit den entsprechenden Browser-Erweiterungen sperren.<\/p>\n<p><strong>Cookies:\u00a0<\/strong>Diese Website verwendet Cookies. Cookies sind kleine Dateien, die es erm\u00f6glichen, auf Ihrem Zugriffsger\u00e4t (PC, Smartphone usw.), auf das Ger\u00e4t bezogene Informationen zu speichern. Sie dienen einerseits der Benutzerfreundlichkeit von Websites und damit den Nutzern. Andererseits dienen sie statistischen Zwecken zur Analyse der Websitenutzung.\u00a0 Ihr Browser enth\u00e4lt eine Funktion, mit der die Cookie-Speicherung ausgeschaltet wird, was jedoch die Nutzung dieser Website einschr\u00e4nkt.<\/p>\n<p><strong>Google Analytics\u00a0\u00a0<\/strong>Diese Webseite benutzt Google Analytics, einen Web-Analysedienst der Google Inc. (\u201eGoogle\u201c). Google Analytics verwendet Cookies. Die durch das Cookie erzeugten Informationen \u00fcber Ihre Benutzung dieser Website werden in der Regel an einen Server von Google in den USA \u00fcbertragen und dort gespeichert.<\/p>\n<p>Die IP-Anonymisierung ist auf dieser Website aktiv. Das heisst, dass die IP-Adresse von Google gek\u00fcrzt \/ anonymisiert wird. \u00a0Nur in Ausnahmef\u00e4llen wird die volle IP-Adresse an einen Server von Google in den USA \u00fcbertragen und erst dort gek\u00fcrzt. Im Auftrag des Betreibers dieser Website wird Google diese Informationen benutzen, um die Nutzung der Website durch die Nutzer auszuwerten, um Reports \u00fcber die Websiteaktivit\u00e4ten zusammenzustellen und um weitere mit der Websitenutzung und der Internetnutzung verbundene Dienstleistungen gegen\u00fcber dem Websitebetreiber zu erbringen.<\/p>\n<p>Die im Rahmen von Google Analytics von Ihrem Browser \u00fcbermittelte IP-Adresse wird nicht mit anderen Daten von Google zusammengef\u00fchrt. Die Nutzer k\u00f6nnen die Speicherung der Cookies durch eine entsprechende Einstellung Ihrer Browser-Software verhindern. In diesem Fall werden Sie jedoch nicht s\u00e4mtliche Funktionen dieser Website nutzen k\u00f6nnen.<\/p>\n<p>Die Nutzer k\u00f6nnen dar\u00fcber hinaus die Erfassung der durch das Cookie erzeugten und auf ihre Nutzung der Website bezogenen Daten (inkl. Ihrer IP-Adresse) an Google sowie die Verarbeitung dieser Daten durch Google verhindern, indem sie das unter dem folgenden Link verf\u00fcgbare Browser-Plugin herunterladen und installieren:\u00a0<a href=\"https:\/\/tools.google.com\/dlpage\/gaoptout?hl=en\" target=\"_blank\" rel=\"noopener noreferrer\">https:\/\/tools.google.com\/dlpage\/gaoptout?hl=en<\/a><\/p>\n<p>Weitere Informationen zur Datennutzung zu Werbezwecken durch Google, Einstellungs- und Widerspruchsm\u00f6glichkeiten erfahren Sie auf den Webseiten von Google:\u00a0<a href=\"https:\/\/www.google.com\/intl\/de\/policies\/privacy\/partners\/\" target=\"_blank\" rel=\"noopener noreferrer\">https:\/\/www.google.com\/intl\/de\/policies\/privacy\/partners\/<\/a>\u00a0(\u201eDatennutzung durch Google bei Ihrer Nutzung von Websites oder Apps unserer Partner\u201c).<\/p>\n<p><strong>Ihre Rechte:<\/strong>\u00a0 Sie k\u00f6nnen von uns \u00fcber res@cruiseasia.net\u00a0 jederzeit Auskunft \u00fcber die Tatsache der Datenbearbeitung, die Kategorien von bearbeiteten Daten, den Umfang, Zweck und Rechtm\u00e4ssigkeit der Bearbeitung sowie \u00fcber die geplante Dauer der Aufbewahrung verlangen. Sie k\u00f6nnen zudem L\u00f6schung, Sperrung, Berichtigung oder Vervollst\u00e4ndigung falscher, unn\u00f6tiger, bestrittener, irrt\u00fcmlicher oder unvollst\u00e4ndiger Daten verlangen. Vorbehalten von der L\u00f6schung bleiben die Daten, die wir im Rahmen unseres Auftrags und der damit zusammenh\u00e4ngenden Rechenschafts- und Aufbewahrungspflichten archivieren m\u00fcssen. Nach Ende dieser Rechenschafts- und Aufbewahrungsfristen werden s\u00e4mtliche noch vorhandenen Daten und Unterlagen vernichtet<\/p>\n<p>\u00c4nderungen dieser Datenschutzerkl\u00e4rung<\/p>\n<p>Wir behalten uns das Recht vor, diese Datenschutzrichtlinie zu \u00e4ndern.<br \/>\nDie letzte \u00c4nderung wurde am 22. Juli 2021 vorgenommen.[\/vc_column_text][\/vc_column][\/vc_row]\n<\/div>","protected":false},"excerpt":{"rendered":"<p>[vc_row][vc_column][vc_column_text] Ihre Daten sind uns wichtig! Bei Verwendung unseres Anfrage- oder Kontaktformulars und beim Zugriff auf unsere Website werden folgende Daten gespeichert: Ihre Daten, die Sie in das Anfrage- oder Kontaktformular eingeben, IP-Adresse, Datum, Uhrzeit, Browser-Anfrage und allgemein \u00fcbertragene Informationen zum Betriebssystem resp. Browser in Logfiles. SSL-Verschl\u00fcsselung:\u00a0Ihre pers\u00f6nlichen und anderen\u00a0 Daten, die Sie mittels Anfrageformular [&hellip;]<\/p>\n","protected":false},"author":4,"featured_media":0,"parent":0,"menu_order":0,"comment_status":"closed","ping_status":"closed","template":"","meta":{"_acf_changed":false,"inline_featured_image":false,"footnotes":""},"class_list":["post-5101","page","type-page","status-publish","hentry"],"acf":[],"yoast_head":"<!-- This site is optimized with the Yoast SEO plugin v27.1.1 - https:\/\/yoast.com\/product\/yoast-seo-wordpress\/ -->\n<title>Datenschutzerkl\u00e4rung | River Kwai Cruises by CruiseAsia<\/title>\n<meta name=\"robots\" content=\"index, follow, max-snippet:-1, max-image-preview:large, max-video-preview:-1\" \/>\n<link rel=\"canonical\" href=\"https:\/\/www.cruiseasia.net\/de\/datenschutzerklaerung\/\" \/>\n<meta property=\"og:locale\" content=\"de_DE\" \/>\n<meta property=\"og:type\" content=\"article\" \/>\n<meta property=\"og:title\" content=\"Datenschutzerkl\u00e4rung | River Kwai Cruises by CruiseAsia\" \/>\n<meta property=\"og:description\" content=\"[vc_row][vc_column][vc_column_text] Ihre Daten sind uns wichtig! Bei Verwendung unseres Anfrage- oder Kontaktformulars und beim Zugriff auf unsere Website werden folgende Daten gespeichert: Ihre Daten, die Sie in das Anfrage- oder Kontaktformular eingeben, IP-Adresse, Datum, Uhrzeit, Browser-Anfrage und allgemein \u00fcbertragene Informationen zum Betriebssystem resp. Browser in Logfiles. SSL-Verschl\u00fcsselung:\u00a0Ihre pers\u00f6nlichen und anderen\u00a0 Daten, die Sie mittels Anfrageformular [&hellip;]\" \/>\n<meta property=\"og:url\" content=\"https:\/\/www.cruiseasia.net\/de\/datenschutzerklaerung\/\" \/>\n<meta property=\"og:site_name\" content=\"River Kwai Cruises by CruiseAsia\" \/>\n<meta property=\"article:modified_time\" content=\"2021-07-22T05:55:48+00:00\" \/>\n<meta property=\"og:image\" content=\"https:\/\/www.cruiseasia.net\/wp-content\/uploads\/2021\/01\/Package-Cruise-Upstream-01.jpg\" \/>\n\t<meta property=\"og:image:width\" content=\"900\" \/>\n\t<meta property=\"og:image:height\" content=\"600\" \/>\n\t<meta property=\"og:image:type\" content=\"image\/jpeg\" \/>\n<meta name=\"twitter:card\" content=\"summary_large_image\" \/>\n<meta name=\"twitter:label1\" content=\"Gesch\u00e4tzte Lesezeit\" \/>\n\t<meta name=\"twitter:data1\" content=\"4\u00a0Minuten\" \/>\n<script type=\"application\/ld+json\" class=\"yoast-schema-graph\">{\"@context\":\"https:\/\/schema.org\",\"@graph\":[{\"@type\":\"WebPage\",\"@id\":\"https:\/\/www.cruiseasia.net\/de\/datenschutzerklaerung\/\",\"url\":\"https:\/\/www.cruiseasia.net\/de\/datenschutzerklaerung\/\",\"name\":\"Datenschutzerkl\u00e4rung | River Kwai Cruises by CruiseAsia\",\"isPartOf\":{\"@id\":\"https:\/\/www.cruiseasia.net\/de\/#website\"},\"datePublished\":\"2021-07-22T05:52:44+00:00\",\"dateModified\":\"2021-07-22T05:55:48+00:00\",\"breadcrumb\":{\"@id\":\"https:\/\/www.cruiseasia.net\/de\/datenschutzerklaerung\/#breadcrumb\"},\"inLanguage\":\"de\",\"potentialAction\":[{\"@type\":\"ReadAction\",\"target\":[\"https:\/\/www.cruiseasia.net\/de\/datenschutzerklaerung\/\"]}]},{\"@type\":\"BreadcrumbList\",\"@id\":\"https:\/\/www.cruiseasia.net\/de\/datenschutzerklaerung\/#breadcrumb\",\"itemListElement\":[{\"@type\":\"ListItem\",\"position\":1,\"name\":\"Home\",\"item\":\"https:\/\/www.cruiseasia.net\/de\/\"},{\"@type\":\"ListItem\",\"position\":2,\"name\":\"Datenschutzerkl\u00e4rung\"}]},{\"@type\":\"WebSite\",\"@id\":\"https:\/\/www.cruiseasia.net\/de\/#website\",\"url\":\"https:\/\/www.cruiseasia.net\/de\/\",\"name\":\"River Kwai Cruises by CruiseAsia\",\"description\":\"Cruise in Style on the River Kwai\",\"publisher\":{\"@id\":\"https:\/\/www.cruiseasia.net\/de\/#organization\"},\"potentialAction\":[{\"@type\":\"SearchAction\",\"target\":{\"@type\":\"EntryPoint\",\"urlTemplate\":\"https:\/\/www.cruiseasia.net\/de\/?s={search_term_string}\"},\"query-input\":{\"@type\":\"PropertyValueSpecification\",\"valueRequired\":true,\"valueName\":\"search_term_string\"}}],\"inLanguage\":\"de\"},{\"@type\":\"Organization\",\"@id\":\"https:\/\/www.cruiseasia.net\/de\/#organization\",\"name\":\"CruiseAsia Co., Ltd., Bangkok, Thailand\",\"url\":\"https:\/\/www.cruiseasia.net\/de\/\",\"logo\":{\"@type\":\"ImageObject\",\"inLanguage\":\"de\",\"@id\":\"https:\/\/www.cruiseasia.net\/de\/#\/schema\/logo\/image\/\",\"url\":\"https:\/\/www.cruiseasia.net\/wp-content\/uploads\/2017\/08\/CA-Logo-bluetxt-whiteback.png\",\"contentUrl\":\"https:\/\/www.cruiseasia.net\/wp-content\/uploads\/2017\/08\/CA-Logo-bluetxt-whiteback.png\",\"width\":500,\"height\":203,\"caption\":\"CruiseAsia Co., Ltd., Bangkok, Thailand\"},\"image\":{\"@id\":\"https:\/\/www.cruiseasia.net\/de\/#\/schema\/logo\/image\/\"}}]}<\/script>\n<!-- \/ Yoast SEO plugin. -->","yoast_head_json":{"title":"Datenschutzerkl\u00e4rung | River Kwai Cruises by CruiseAsia","robots":{"index":"index","follow":"follow","max-snippet":"max-snippet:-1","max-image-preview":"max-image-preview:large","max-video-preview":"max-video-preview:-1"},"canonical":"https:\/\/www.cruiseasia.net\/de\/datenschutzerklaerung\/","og_locale":"de_DE","og_type":"article","og_title":"Datenschutzerkl\u00e4rung | River Kwai Cruises by CruiseAsia","og_description":"[vc_row][vc_column][vc_column_text] Ihre Daten sind uns wichtig! Bei Verwendung unseres Anfrage- oder Kontaktformulars und beim Zugriff auf unsere Website werden folgende Daten gespeichert: Ihre Daten, die Sie in das Anfrage- oder Kontaktformular eingeben, IP-Adresse, Datum, Uhrzeit, Browser-Anfrage und allgemein \u00fcbertragene Informationen zum Betriebssystem resp. Browser in Logfiles. SSL-Verschl\u00fcsselung:\u00a0Ihre pers\u00f6nlichen und anderen\u00a0 Daten, die Sie mittels Anfrageformular [&hellip;]","og_url":"https:\/\/www.cruiseasia.net\/de\/datenschutzerklaerung\/","og_site_name":"River Kwai Cruises by CruiseAsia","article_modified_time":"2021-07-22T05:55:48+00:00","og_image":[{"width":900,"height":600,"url":"https:\/\/www.cruiseasia.net\/wp-content\/uploads\/2021\/01\/Package-Cruise-Upstream-01.jpg","type":"image\/jpeg"}],"twitter_card":"summary_large_image","twitter_misc":{"Gesch\u00e4tzte Lesezeit":"4\u00a0Minuten"},"schema":{"@context":"https:\/\/schema.org","@graph":[{"@type":"WebPage","@id":"https:\/\/www.cruiseasia.net\/de\/datenschutzerklaerung\/","url":"https:\/\/www.cruiseasia.net\/de\/datenschutzerklaerung\/","name":"Datenschutzerkl\u00e4rung | River Kwai Cruises by CruiseAsia","isPartOf":{"@id":"https:\/\/www.cruiseasia.net\/de\/#website"},"datePublished":"2021-07-22T05:52:44+00:00","dateModified":"2021-07-22T05:55:48+00:00","breadcrumb":{"@id":"https:\/\/www.cruiseasia.net\/de\/datenschutzerklaerung\/#breadcrumb"},"inLanguage":"de","potentialAction":[{"@type":"ReadAction","target":["https:\/\/www.cruiseasia.net\/de\/datenschutzerklaerung\/"]}]},{"@type":"BreadcrumbList","@id":"https:\/\/www.cruiseasia.net\/de\/datenschutzerklaerung\/#breadcrumb","itemListElement":[{"@type":"ListItem","position":1,"name":"Home","item":"https:\/\/www.cruiseasia.net\/de\/"},{"@type":"ListItem","position":2,"name":"Datenschutzerkl\u00e4rung"}]},{"@type":"WebSite","@id":"https:\/\/www.cruiseasia.net\/de\/#website","url":"https:\/\/www.cruiseasia.net\/de\/","name":"River Kwai Cruises by CruiseAsia","description":"Cruise in Style on the River Kwai","publisher":{"@id":"https:\/\/www.cruiseasia.net\/de\/#organization"},"potentialAction":[{"@type":"SearchAction","target":{"@type":"EntryPoint","urlTemplate":"https:\/\/www.cruiseasia.net\/de\/?s={search_term_string}"},"query-input":{"@type":"PropertyValueSpecification","valueRequired":true,"valueName":"search_term_string"}}],"inLanguage":"de"},{"@type":"Organization","@id":"https:\/\/www.cruiseasia.net\/de\/#organization","name":"CruiseAsia Co., Ltd., Bangkok, Thailand","url":"https:\/\/www.cruiseasia.net\/de\/","logo":{"@type":"ImageObject","inLanguage":"de","@id":"https:\/\/www.cruiseasia.net\/de\/#\/schema\/logo\/image\/","url":"https:\/\/www.cruiseasia.net\/wp-content\/uploads\/2017\/08\/CA-Logo-bluetxt-whiteback.png","contentUrl":"https:\/\/www.cruiseasia.net\/wp-content\/uploads\/2017\/08\/CA-Logo-bluetxt-whiteback.png","width":500,"height":203,"caption":"CruiseAsia Co., Ltd., Bangkok, Thailand"},"image":{"@id":"https:\/\/www.cruiseasia.net\/de\/#\/schema\/logo\/image\/"}}]}},"_links":{"self":[{"href":"https:\/\/www.cruiseasia.net\/de\/wp-json\/wp\/v2\/pages\/5101","targetHints":{"allow":["GET"]}}],"collection":[{"href":"https:\/\/www.cruiseasia.net\/de\/wp-json\/wp\/v2\/pages"}],"about":[{"href":"https:\/\/www.cruiseasia.net\/de\/wp-json\/wp\/v2\/types\/page"}],"author":[{"embeddable":true,"href":"https:\/\/www.cruiseasia.net\/de\/wp-json\/wp\/v2\/users\/4"}],"replies":[{"embeddable":true,"href":"https:\/\/www.cruiseasia.net\/de\/wp-json\/wp\/v2\/comments?post=5101"}],"version-history":[{"count":0,"href":"https:\/\/www.cruiseasia.net\/de\/wp-json\/wp\/v2\/pages\/5101\/revisions"}],"wp:attachment":[{"href":"https:\/\/www.cruiseasia.net\/de\/wp-json\/wp\/v2\/media?parent=5101"}],"curies":[{"name":"wp","href":"https:\/\/api.w.org\/{rel}","templated":true}]}}