{"id":4876,"date":"2021-02-04T05:30:23","date_gmt":"2021-02-04T05:30:23","guid":{"rendered":"https:\/\/cruiseasia.samui-seotech.com\/das-kreuzfahrtschiff-rv-river-kwai\/"},"modified":"2024-05-24T13:22:28","modified_gmt":"2024-05-24T06:22:28","slug":"das-kreuzfahrtschiff-rv-river-kwai","status":"publish","type":"page","link":"https:\/\/www.cruiseasia.net\/de\/das-kreuzfahrtschiff-rv-river-kwai\/","title":{"rendered":"Das Kreuzfahrtschiff &#8222;RV River Kwai&#8220;"},"content":{"rendered":"<div class=\"wpb-content-wrapper\">[vc_row full_width=&#8220;stretch_row&#8220; css=&#8220;.vc_custom_1716531742149{padding-top: 250px !important;padding-bottom: 60px !important;background-image: url(https:\/\/www.cruiseasia.net\/wp-content\/uploads\/2021\/01\/Vessel-RV-River-Kwai.jpg?id=4288) !important;background-position: center !important;background-repeat: no-repeat !important;background-size: cover !important;}&#8220;][vc_column][vc_column_text]\n<h1 class=\"myarchivetext\">Das Kreuzfahrtschiff &#8222;RV River Kwai&#8220;<\/h1>\n[\/vc_column_text][\/vc_column][\/vc_row][vc_row full_width=&#8220;stretch_row&#8220; equal_height=&#8220;yes&#8220; content_placement=&#8220;middle&#8220; css=&#8220;.vc_custom_1610439116547{background-color: #ffffff !important;}&#8220;][vc_column width=&#8220;2\/3&#8243;][vc_column_text]\n<p class=\"myspecialtext\">DER RV RIVER KWAI FLUSSKREUZER<\/p>\n<h1 class=\"myspecialtext\">Geniessen Sie eine komfortable Flusskreuzfahrt<\/h1>\n[\/vc_column_text][vc_empty_space height=&#8220;12px&#8220;][vc_column_text]\n<p class=\"myowntext\">Die RV River Kwai, das erste Binnenkreuzfahrtschiff in Thailand, ist ein neu gebauter Flusskreuzer im Kolonialstil der auf Entw\u00fcrfen der urspr\u00fcnglichen Irrawaddy-Flottille basiert, die 1865 in Burma gegr\u00fcndet wurde und in den 1920er Jahren die gr\u00f6sste private Schiffsflotte der Welt war.<\/p>\n[\/vc_column_text][vc_column_text]<strong>Bootspezifikationen:<\/strong><\/p>\n<ul>\n<li style=\"list-style-type: none;\">\n<ul>\n<li><strong>L\u00e4nge:<\/strong> 36 m<\/li>\n<li><strong>Breite\/Beam:<\/strong> 7.6m<\/li>\n<li><strong>Tiefgang:<\/strong> 90cm<\/li>\n<li><strong>Luftzug \/ Air Draft:<\/strong> 3.5m<\/li>\n<li><strong>Gewicht\/Tonnage:<\/strong> 155.69 Tonnen<\/li>\n<li><strong>Motoren:<\/strong> 2 x 200 PS Hino-Motoren mit Innenbordantrieb; 4-bl\u00e4ttrige Propeller, 90cm Durchmesser<\/li>\n<li><strong>Geschwindigkeit:<\/strong> 8 Knoten<\/li>\n<li><strong>Leistung:<\/strong> 1 x 75 KVA Caterpillar Aggregat, 1 x 20 KVA Hafen-\/, Notaggregat, Uferlinien zu St\u00fctzpunkten am Fluss<\/li>\n<li><strong>Kabinen:<\/strong> 10 Deluxe-Kabinen von 3 x 4 Meter mit eigener Dusche, WC, Klimaanlage, Minisafe, usw.<\/li>\n<li><strong>\u00d6ffentlicher Raum:<\/strong> Das Oberdeck ist offen gestaltet und verf\u00fcgt \u00fcber Ess-, Bar- und Sitzbereiche, die von einer zusammenklappbaren Markise abgedeckt sind, damit das Schiff unter niedrigen Br\u00fccken durchfahren kann<\/li>\n<li><strong>Wasserversorgung:<\/strong> Wassertanks<\/li>\n<li><strong>Abwasser:<\/strong> Vorratsbeh\u00e4lter zum Abpumpen an Land<\/li>\n<li><strong>Kommunikation:<\/strong> Thai GSM-Mobilfunk, FM-Radios, PA-System, Tannoy<\/li>\n<li><strong>Sicherheit:<\/strong> Rauchmelder in allen Kabinen, Notbeleuchtung und Generator, Feuerl\u00f6scher, Pumpen und Schl\u00e4uche, Schwimmwesten f\u00fcr alle Personen, Rettungsfl\u00f6sse, motorisierter Schiffsschlepper<\/li>\n<li><strong>Navigation:<\/strong> Schiffshupe, Suchscheinwerfer, Garmin GPS (Global Positioning System)<\/li>\n<li><strong>Ausstattung:<\/strong> Voll ausgestattete K\u00fcche, K\u00fchlaggregate<\/li>\n<li><strong>Besatzung:<\/strong> Thail\u00e4ndische Besatzung und ausl\u00e4ndischer Kreuzfahrtdirektor.<\/li>\n<\/ul>\n[\/vc_column_text][\/vc_column][vc_column width=&#8220;1\/3&#8243;][vc_column_text]<img loading=\"lazy\" decoding=\"async\" class=\"myresponsive wp-image-4315 size-medium aligncenter\" title=\"Die RV River Kwai auf dem River Kwai\" src=\"\/wp-content\/uploads\/2021\/01\/RV-River-Kwai-2-300x199.jpg\" alt=\"Das RV River Kwai Schiff\" width=\"300\" height=\"199\" srcset=\"https:\/\/www.cruiseasia.net\/wp-content\/uploads\/2021\/01\/RV-River-Kwai-2-300x199.jpg 300w, https:\/\/www.cruiseasia.net\/wp-content\/uploads\/2021\/01\/RV-River-Kwai-2-600x399.jpg 600w, https:\/\/www.cruiseasia.net\/wp-content\/uploads\/2021\/01\/RV-River-Kwai-2.jpg 725w\" sizes=\"auto, (max-width: 300px) 100vw, 300px\" \/>[\/vc_column_text][vc_column_text]\n<p><img loading=\"lazy\" decoding=\"async\" class=\"myresponsive wp-image-4314 size-medium aligncenter\" title=\"Die RV River Kwai auf dem River Kwai\" src=\"\/wp-content\/uploads\/2021\/01\/rv-river-kwai-300x214.jpg\" alt=\"Das RV River Kwai Schiff\" width=\"300\" height=\"214\" srcset=\"https:\/\/www.cruiseasia.net\/wp-content\/uploads\/2021\/01\/rv-river-kwai-300x214.jpg 300w, https:\/\/www.cruiseasia.net\/wp-content\/uploads\/2021\/01\/rv-river-kwai-1024x731.jpg 1024w, https:\/\/www.cruiseasia.net\/wp-content\/uploads\/2021\/01\/rv-river-kwai-768x549.jpg 768w, https:\/\/www.cruiseasia.net\/wp-content\/uploads\/2021\/01\/rv-river-kwai-1536x1097.jpg 1536w, https:\/\/www.cruiseasia.net\/wp-content\/uploads\/2021\/01\/rv-river-kwai-2048x1463.jpg 2048w, https:\/\/www.cruiseasia.net\/wp-content\/uploads\/2021\/01\/rv-river-kwai-600x429.jpg 600w, https:\/\/www.cruiseasia.net\/wp-content\/uploads\/2021\/01\/rv-river-kwai.jpg 1200w\" sizes=\"auto, (max-width: 300px) 100vw, 300px\" \/><\/p>\n[\/vc_column_text][vc_column_text]<img loading=\"lazy\" decoding=\"async\" class=\"myresponsive wp-image-4265 size-medium\" title=\"Die RV River Kwai auf dem River Kwai\" src=\"\/wp-content\/uploads\/2021\/01\/RV-River-Kwai-01-300x200.jpg\" alt=\"Das RV River Kwai Schiff\" width=\"300\" height=\"200\" srcset=\"https:\/\/www.cruiseasia.net\/wp-content\/uploads\/2021\/01\/RV-River-Kwai-01-300x200.jpg 300w, https:\/\/www.cruiseasia.net\/wp-content\/uploads\/2021\/01\/RV-River-Kwai-01.jpg 563w\" sizes=\"auto, (max-width: 300px) 100vw, 300px\" \/>[\/vc_column_text][\/vc_column][\/vc_row][vc_row el_id=&#8220;staterooms&#8220;][vc_column width=&#8220;2\/3&#8243;][vc_column_text]\n<p class=\"myspecialtext\">LUXUS AN BOARD DER RV RIVER KWAI<\/p>\n<h1 class=\"myspecialtext\">Staterooms | Luxuri\u00f6se Schiffskabinen<\/h1>\n[\/vc_column_text][vc_column_text]\n<p class=\"myowntext\">Unsere Deluxe-Staterooms- Kabinen warten mit einem Qu\u00e4ntchen Luxus an Bord der RV River Kwai auf. Die gem\u00fctlichen, klimatisierten Zimmer bieten eine willkommene Zuflucht aus der Hitze und Feuchtigkeit.<\/p>\n<p class=\"myowntext\">Das Schiff verf\u00fcgt \u00fcber zehn Kabinen mit eigenen Badezimmern, die exotisch mit Teakholz ausgestattet sind. W\u00e4hrend wir dem Kwai entlang fahren, k\u00f6nnen Sie die vorbeiziehende Landschaft durch Ihr ausgedehntes Panoramafenster geniessen.<\/p>\n<p class=\"myowntext\">Diese Kabinenausstattung und Deluxe-Annehmlichkeiten sind Standard in unseren Deluxe-Staterooms-Kabinen:<\/p>\n[\/vc_column_text][vc_row_inner][vc_column_inner width=&#8220;1\/2&#8243;][vc_column_text]\n<ul>\n<li><strong>Kabinen Typ:<\/strong> Doppelkabine (Einzel-\/oder Doppelbelegung)<\/li>\n<li><strong>Kabinen Ausblick:<\/strong> Alle Kabinen bieten einen atemberaubenden Blick auf den River Kwai<\/li>\n<li><strong>Gr\u00f6sse der Kabine:<\/strong> 12m2<\/li>\n<li><strong>Bettenkonfiguration:<\/strong> Zwei Einzelbetten<\/li>\n<li>Hochwertige Bettw\u00e4sche<\/li>\n<li>Bequeme Luxus Kopfkissen \/ Top Matratze<\/li>\n<li>Individuelle Klimaanlage Steuerung<\/li>\n<li>Zimmerservice<\/li>\n<li>Minibar<\/li>\n<li>Kostenloses Wasser<\/li>\n<li>K\u00fchlschrank<\/li>\n<li>Kaffee &#038; Tee Br\u00fch-Set<\/li>\n<\/ul>\n[\/vc_column_text][\/vc_column_inner][vc_column_inner width=&#8220;1\/2&#8243;][vc_column_text]\n<ul>\n<li>Mini Safe | Sicherheitsbox<\/li>\n<li>Kleiderschrank<\/li>\n<li>Sch\u00f6nheitsspiegel<\/li>\n<li>Eigenes Badezimmer<\/li>\n<li>mit (heisser) Dusche &#038; Wasserklosett<\/li>\n<li>Kostenlose Bade-\/ Toilettenartikel<\/li>\n<li>Haartrockner<\/li>\n<li>Hausschuhe<\/li>\n<li>T\u00e4glicher Reinigungsservice<\/li>\n<li>N\u00e4chtlicher Betten-Turndownservice<\/li>\n<li>Rauchmelder<\/li>\n<li>Notfallbeleuchtung<\/li>\n<\/ul>\n[\/vc_column_text][\/vc_column_inner][\/vc_row_inner][\/vc_column][vc_column width=&#8220;1\/3&#8243;][vc_column_text]<img loading=\"lazy\" decoding=\"async\" class=\"myresponsive wp-image-4321 size-medium\" title=\"Deluxe-Kabinen auf der RV RIver Kwai\" src=\"\/wp-content\/uploads\/2021\/01\/Cabin-300x200.jpg\" alt=\"Deluxe-Kabinen auf der RV RIver Kwai\" width=\"300\" height=\"200\" srcset=\"https:\/\/www.cruiseasia.net\/wp-content\/uploads\/2021\/01\/Cabin-300x200.jpg 300w, https:\/\/www.cruiseasia.net\/wp-content\/uploads\/2021\/01\/Cabin-768x512.jpg 768w, https:\/\/www.cruiseasia.net\/wp-content\/uploads\/2021\/01\/Cabin-600x400.jpg 600w, https:\/\/www.cruiseasia.net\/wp-content\/uploads\/2021\/01\/Cabin.jpg 1024w\" sizes=\"auto, (max-width: 300px) 100vw, 300px\" \/>[\/vc_column_text][vc_column_text]<img loading=\"lazy\" decoding=\"async\" class=\"myresponsive aligncenter wp-image-5263 size-medium\" title=\"Einzelbetten Deluxe-Kabinen\" src=\"https:\/\/www.cruiseasia.net\/wp-content\/uploads\/2021\/08\/Deluxe-Stateroom-01-300x149.jpg\" alt=\"Einzelbetten Deluxe-Kabinen\" width=\"300\" height=\"149\" srcset=\"https:\/\/www.cruiseasia.net\/wp-content\/uploads\/2021\/08\/Deluxe-Stateroom-01-300x149.jpg 300w, https:\/\/www.cruiseasia.net\/wp-content\/uploads\/2021\/08\/Deluxe-Stateroom-01-600x298.jpg 600w, https:\/\/www.cruiseasia.net\/wp-content\/uploads\/2021\/08\/Deluxe-Stateroom-01.jpg 766w\" sizes=\"auto, (max-width: 300px) 100vw, 300px\" \/>[\/vc_column_text][vc_column_text]<img loading=\"lazy\" decoding=\"async\" class=\"myresponsive aligncenter wp-image-5265 size-medium\" title=\"Alle Kabinen bieten einen atemberaubenden Blick auf den River Kwai\" src=\"https:\/\/www.cruiseasia.net\/wp-content\/uploads\/2021\/08\/Deluxe-Stateroom-02-300x149.jpg\" alt=\"Alle Kabinen bieten einen atemberaubenden Blick auf den River Kwai\" width=\"300\" height=\"149\" srcset=\"https:\/\/www.cruiseasia.net\/wp-content\/uploads\/2021\/08\/Deluxe-Stateroom-02-300x149.jpg 300w, https:\/\/www.cruiseasia.net\/wp-content\/uploads\/2021\/08\/Deluxe-Stateroom-02-600x298.jpg 600w, https:\/\/www.cruiseasia.net\/wp-content\/uploads\/2021\/08\/Deluxe-Stateroom-02.jpg 766w\" sizes=\"auto, (max-width: 300px) 100vw, 300px\" \/>[\/vc_column_text][\/vc_column][\/vc_row]\n<\/div>","protected":false},"excerpt":{"rendered":"<p>[vc_row full_width=&#8220;stretch_row&#8220; css=&#8220;.vc_custom_1716531742149{padding-top: 250px !important;padding-bottom: 60px !important;background-image: url(https:\/\/www.cruiseasia.net\/wp-content\/uploads\/2021\/01\/Vessel-RV-River-Kwai.jpg?id=4288) !important;background-position: center !important;background-repeat: no-repeat !important;background-size: cover !important;}&#8220;][vc_column][vc_column_text] Das Kreuzfahrtschiff &#8222;RV River Kwai&#8220; [\/vc_column_text][\/vc_column][\/vc_row][vc_row full_width=&#8220;stretch_row&#8220; equal_height=&#8220;yes&#8220; content_placement=&#8220;middle&#8220; css=&#8220;.vc_custom_1610439116547{background-color: #ffffff !important;}&#8220;][vc_column width=&#8220;2\/3&#8243;][vc_column_text] DER RV RIVER KWAI FLUSSKREUZER Geniessen Sie eine komfortable Flusskreuzfahrt [\/vc_column_text][vc_empty_space height=&#8220;12px&#8220;][vc_column_text] Die RV River Kwai, das erste Binnenkreuzfahrtschiff in Thailand, ist ein neu gebauter Flusskreuzer im [&hellip;]<\/p>\n","protected":false},"author":3,"featured_media":0,"parent":0,"menu_order":0,"comment_status":"closed","ping_status":"closed","template":"byt_home.php","meta":{"_acf_changed":false,"inline_featured_image":false,"footnotes":""},"class_list":["post-4876","page","type-page","status-publish","hentry"],"acf":[],"yoast_head":"<!-- This site is optimized with the Yoast SEO plugin v27.1.1 - https:\/\/yoast.com\/product\/yoast-seo-wordpress\/ -->\n<title>Das Kreuzfahrtschiff &quot;RV River Kwai&quot; | River Kwai Cruises by CruiseAsia<\/title>\n<meta name=\"robots\" content=\"index, follow, max-snippet:-1, max-image-preview:large, max-video-preview:-1\" \/>\n<link rel=\"canonical\" href=\"https:\/\/www.cruiseasia.net\/de\/das-kreuzfahrtschiff-rv-river-kwai\/\" \/>\n<meta property=\"og:locale\" content=\"de_DE\" \/>\n<meta property=\"og:type\" content=\"article\" \/>\n<meta property=\"og:title\" content=\"Das Kreuzfahrtschiff &quot;RV River Kwai&quot; | River Kwai Cruises by CruiseAsia\" \/>\n<meta property=\"og:description\" content=\"[vc_row full_width=&#8220;stretch_row&#8220; css=&#8220;.vc_custom_1716531742149{padding-top: 250px !important;padding-bottom: 60px !important;background-image: url(https:\/\/www.cruiseasia.net\/wp-content\/uploads\/2021\/01\/Vessel-RV-River-Kwai.jpg?id=4288) !important;background-position: center !important;background-repeat: no-repeat !important;background-size: cover !important;}&#8220;][vc_column][vc_column_text] Das Kreuzfahrtschiff &#8222;RV River Kwai&#8220; [\/vc_column_text][\/vc_column][\/vc_row][vc_row full_width=&#8220;stretch_row&#8220; equal_height=&#8220;yes&#8220; content_placement=&#8220;middle&#8220; css=&#8220;.vc_custom_1610439116547{background-color: #ffffff !important;}&#8220;][vc_column width=&#8220;2\/3&#8243;][vc_column_text] DER RV RIVER KWAI FLUSSKREUZER Geniessen Sie eine komfortable Flusskreuzfahrt [\/vc_column_text][vc_empty_space height=&#8220;12px&#8220;][vc_column_text] Die RV River Kwai, das erste Binnenkreuzfahrtschiff in Thailand, ist ein neu gebauter Flusskreuzer im [&hellip;]\" \/>\n<meta property=\"og:url\" content=\"https:\/\/www.cruiseasia.net\/de\/das-kreuzfahrtschiff-rv-river-kwai\/\" \/>\n<meta property=\"og:site_name\" content=\"River Kwai Cruises by CruiseAsia\" \/>\n<meta property=\"article:modified_time\" content=\"2024-05-24T06:22:28+00:00\" \/>\n<meta property=\"og:image\" content=\"https:\/\/www.cruiseasia.net\/wp-content\/uploads\/2021\/08\/Deluxe-Stateroom-01-300x149.jpg\" \/>\n<meta name=\"twitter:card\" content=\"summary_large_image\" \/>\n<meta name=\"twitter:label1\" content=\"Gesch\u00e4tzte Lesezeit\" \/>\n\t<meta name=\"twitter:data1\" content=\"3\u00a0Minuten\" \/>\n<script type=\"application\/ld+json\" class=\"yoast-schema-graph\">{\"@context\":\"https:\/\/schema.org\",\"@graph\":[{\"@type\":\"WebPage\",\"@id\":\"https:\/\/www.cruiseasia.net\/de\/das-kreuzfahrtschiff-rv-river-kwai\/\",\"url\":\"https:\/\/www.cruiseasia.net\/de\/das-kreuzfahrtschiff-rv-river-kwai\/\",\"name\":\"Das Kreuzfahrtschiff \\\"RV River Kwai\\\" | River Kwai Cruises by CruiseAsia\",\"isPartOf\":{\"@id\":\"https:\/\/www.cruiseasia.net\/de\/#website\"},\"primaryImageOfPage\":{\"@id\":\"https:\/\/www.cruiseasia.net\/de\/das-kreuzfahrtschiff-rv-river-kwai\/#primaryimage\"},\"image\":{\"@id\":\"https:\/\/www.cruiseasia.net\/de\/das-kreuzfahrtschiff-rv-river-kwai\/#primaryimage\"},\"thumbnailUrl\":\"https:\/\/www.cruiseasia.net\/wp-content\/uploads\/2021\/08\/Deluxe-Stateroom-01-300x149.jpg\",\"datePublished\":\"2021-02-04T05:30:23+00:00\",\"dateModified\":\"2024-05-24T06:22:28+00:00\",\"breadcrumb\":{\"@id\":\"https:\/\/www.cruiseasia.net\/de\/das-kreuzfahrtschiff-rv-river-kwai\/#breadcrumb\"},\"inLanguage\":\"de\",\"potentialAction\":[{\"@type\":\"ReadAction\",\"target\":[\"https:\/\/www.cruiseasia.net\/de\/das-kreuzfahrtschiff-rv-river-kwai\/\"]}]},{\"@type\":\"ImageObject\",\"inLanguage\":\"de\",\"@id\":\"https:\/\/www.cruiseasia.net\/de\/das-kreuzfahrtschiff-rv-river-kwai\/#primaryimage\",\"url\":\"https:\/\/www.cruiseasia.net\/wp-content\/uploads\/2021\/08\/Deluxe-Stateroom-01-300x149.jpg\",\"contentUrl\":\"https:\/\/www.cruiseasia.net\/wp-content\/uploads\/2021\/08\/Deluxe-Stateroom-01-300x149.jpg\"},{\"@type\":\"BreadcrumbList\",\"@id\":\"https:\/\/www.cruiseasia.net\/de\/das-kreuzfahrtschiff-rv-river-kwai\/#breadcrumb\",\"itemListElement\":[{\"@type\":\"ListItem\",\"position\":1,\"name\":\"Home\",\"item\":\"https:\/\/www.cruiseasia.net\/de\/\"},{\"@type\":\"ListItem\",\"position\":2,\"name\":\"Das Kreuzfahrtschiff &#8220;RV River Kwai&#8221;\"}]},{\"@type\":\"WebSite\",\"@id\":\"https:\/\/www.cruiseasia.net\/de\/#website\",\"url\":\"https:\/\/www.cruiseasia.net\/de\/\",\"name\":\"River Kwai Cruises by CruiseAsia\",\"description\":\"Cruise in Style on the River Kwai\",\"publisher\":{\"@id\":\"https:\/\/www.cruiseasia.net\/de\/#organization\"},\"potentialAction\":[{\"@type\":\"SearchAction\",\"target\":{\"@type\":\"EntryPoint\",\"urlTemplate\":\"https:\/\/www.cruiseasia.net\/de\/?s={search_term_string}\"},\"query-input\":{\"@type\":\"PropertyValueSpecification\",\"valueRequired\":true,\"valueName\":\"search_term_string\"}}],\"inLanguage\":\"de\"},{\"@type\":\"Organization\",\"@id\":\"https:\/\/www.cruiseasia.net\/de\/#organization\",\"name\":\"CruiseAsia Co., Ltd., Bangkok, Thailand\",\"url\":\"https:\/\/www.cruiseasia.net\/de\/\",\"logo\":{\"@type\":\"ImageObject\",\"inLanguage\":\"de\",\"@id\":\"https:\/\/www.cruiseasia.net\/de\/#\/schema\/logo\/image\/\",\"url\":\"https:\/\/www.cruiseasia.net\/wp-content\/uploads\/2017\/08\/CA-Logo-bluetxt-whiteback.png\",\"contentUrl\":\"https:\/\/www.cruiseasia.net\/wp-content\/uploads\/2017\/08\/CA-Logo-bluetxt-whiteback.png\",\"width\":500,\"height\":203,\"caption\":\"CruiseAsia Co., Ltd., Bangkok, Thailand\"},\"image\":{\"@id\":\"https:\/\/www.cruiseasia.net\/de\/#\/schema\/logo\/image\/\"}}]}<\/script>\n<!-- \/ Yoast SEO plugin. -->","yoast_head_json":{"title":"Das Kreuzfahrtschiff \"RV River Kwai\" | River Kwai Cruises by CruiseAsia","robots":{"index":"index","follow":"follow","max-snippet":"max-snippet:-1","max-image-preview":"max-image-preview:large","max-video-preview":"max-video-preview:-1"},"canonical":"https:\/\/www.cruiseasia.net\/de\/das-kreuzfahrtschiff-rv-river-kwai\/","og_locale":"de_DE","og_type":"article","og_title":"Das Kreuzfahrtschiff \"RV River Kwai\" | River Kwai Cruises by CruiseAsia","og_description":"[vc_row full_width=&#8220;stretch_row&#8220; css=&#8220;.vc_custom_1716531742149{padding-top: 250px !important;padding-bottom: 60px !important;background-image: url(https:\/\/www.cruiseasia.net\/wp-content\/uploads\/2021\/01\/Vessel-RV-River-Kwai.jpg?id=4288) !important;background-position: center !important;background-repeat: no-repeat !important;background-size: cover !important;}&#8220;][vc_column][vc_column_text] Das Kreuzfahrtschiff &#8222;RV River Kwai&#8220; [\/vc_column_text][\/vc_column][\/vc_row][vc_row full_width=&#8220;stretch_row&#8220; equal_height=&#8220;yes&#8220; content_placement=&#8220;middle&#8220; css=&#8220;.vc_custom_1610439116547{background-color: #ffffff !important;}&#8220;][vc_column width=&#8220;2\/3&#8243;][vc_column_text] DER RV RIVER KWAI FLUSSKREUZER Geniessen Sie eine komfortable Flusskreuzfahrt [\/vc_column_text][vc_empty_space height=&#8220;12px&#8220;][vc_column_text] Die RV River Kwai, das erste Binnenkreuzfahrtschiff in Thailand, ist ein neu gebauter Flusskreuzer im [&hellip;]","og_url":"https:\/\/www.cruiseasia.net\/de\/das-kreuzfahrtschiff-rv-river-kwai\/","og_site_name":"River Kwai Cruises by CruiseAsia","article_modified_time":"2024-05-24T06:22:28+00:00","og_image":[{"url":"https:\/\/www.cruiseasia.net\/wp-content\/uploads\/2021\/08\/Deluxe-Stateroom-01-300x149.jpg","type":"","width":"","height":""}],"twitter_card":"summary_large_image","twitter_misc":{"Gesch\u00e4tzte Lesezeit":"3\u00a0Minuten"},"schema":{"@context":"https:\/\/schema.org","@graph":[{"@type":"WebPage","@id":"https:\/\/www.cruiseasia.net\/de\/das-kreuzfahrtschiff-rv-river-kwai\/","url":"https:\/\/www.cruiseasia.net\/de\/das-kreuzfahrtschiff-rv-river-kwai\/","name":"Das Kreuzfahrtschiff \"RV River Kwai\" | River Kwai Cruises by CruiseAsia","isPartOf":{"@id":"https:\/\/www.cruiseasia.net\/de\/#website"},"primaryImageOfPage":{"@id":"https:\/\/www.cruiseasia.net\/de\/das-kreuzfahrtschiff-rv-river-kwai\/#primaryimage"},"image":{"@id":"https:\/\/www.cruiseasia.net\/de\/das-kreuzfahrtschiff-rv-river-kwai\/#primaryimage"},"thumbnailUrl":"https:\/\/www.cruiseasia.net\/wp-content\/uploads\/2021\/08\/Deluxe-Stateroom-01-300x149.jpg","datePublished":"2021-02-04T05:30:23+00:00","dateModified":"2024-05-24T06:22:28+00:00","breadcrumb":{"@id":"https:\/\/www.cruiseasia.net\/de\/das-kreuzfahrtschiff-rv-river-kwai\/#breadcrumb"},"inLanguage":"de","potentialAction":[{"@type":"ReadAction","target":["https:\/\/www.cruiseasia.net\/de\/das-kreuzfahrtschiff-rv-river-kwai\/"]}]},{"@type":"ImageObject","inLanguage":"de","@id":"https:\/\/www.cruiseasia.net\/de\/das-kreuzfahrtschiff-rv-river-kwai\/#primaryimage","url":"https:\/\/www.cruiseasia.net\/wp-content\/uploads\/2021\/08\/Deluxe-Stateroom-01-300x149.jpg","contentUrl":"https:\/\/www.cruiseasia.net\/wp-content\/uploads\/2021\/08\/Deluxe-Stateroom-01-300x149.jpg"},{"@type":"BreadcrumbList","@id":"https:\/\/www.cruiseasia.net\/de\/das-kreuzfahrtschiff-rv-river-kwai\/#breadcrumb","itemListElement":[{"@type":"ListItem","position":1,"name":"Home","item":"https:\/\/www.cruiseasia.net\/de\/"},{"@type":"ListItem","position":2,"name":"Das Kreuzfahrtschiff &#8220;RV River Kwai&#8221;"}]},{"@type":"WebSite","@id":"https:\/\/www.cruiseasia.net\/de\/#website","url":"https:\/\/www.cruiseasia.net\/de\/","name":"River Kwai Cruises by CruiseAsia","description":"Cruise in Style on the River Kwai","publisher":{"@id":"https:\/\/www.cruiseasia.net\/de\/#organization"},"potentialAction":[{"@type":"SearchAction","target":{"@type":"EntryPoint","urlTemplate":"https:\/\/www.cruiseasia.net\/de\/?s={search_term_string}"},"query-input":{"@type":"PropertyValueSpecification","valueRequired":true,"valueName":"search_term_string"}}],"inLanguage":"de"},{"@type":"Organization","@id":"https:\/\/www.cruiseasia.net\/de\/#organization","name":"CruiseAsia Co., Ltd., Bangkok, Thailand","url":"https:\/\/www.cruiseasia.net\/de\/","logo":{"@type":"ImageObject","inLanguage":"de","@id":"https:\/\/www.cruiseasia.net\/de\/#\/schema\/logo\/image\/","url":"https:\/\/www.cruiseasia.net\/wp-content\/uploads\/2017\/08\/CA-Logo-bluetxt-whiteback.png","contentUrl":"https:\/\/www.cruiseasia.net\/wp-content\/uploads\/2017\/08\/CA-Logo-bluetxt-whiteback.png","width":500,"height":203,"caption":"CruiseAsia Co., Ltd., Bangkok, Thailand"},"image":{"@id":"https:\/\/www.cruiseasia.net\/de\/#\/schema\/logo\/image\/"}}]}},"_links":{"self":[{"href":"https:\/\/www.cruiseasia.net\/de\/wp-json\/wp\/v2\/pages\/4876","targetHints":{"allow":["GET"]}}],"collection":[{"href":"https:\/\/www.cruiseasia.net\/de\/wp-json\/wp\/v2\/pages"}],"about":[{"href":"https:\/\/www.cruiseasia.net\/de\/wp-json\/wp\/v2\/types\/page"}],"author":[{"embeddable":true,"href":"https:\/\/www.cruiseasia.net\/de\/wp-json\/wp\/v2\/users\/3"}],"replies":[{"embeddable":true,"href":"https:\/\/www.cruiseasia.net\/de\/wp-json\/wp\/v2\/comments?post=4876"}],"version-history":[{"count":0,"href":"https:\/\/www.cruiseasia.net\/de\/wp-json\/wp\/v2\/pages\/4876\/revisions"}],"wp:attachment":[{"href":"https:\/\/www.cruiseasia.net\/de\/wp-json\/wp\/v2\/media?parent=4876"}],"curies":[{"name":"wp","href":"https:\/\/api.w.org\/{rel}","templated":true}]}}